{"id":75,"date":"2024-01-17T15:14:01","date_gmt":"2024-01-17T14:14:01","guid":{"rendered":"https:\/\/drone-fgem.fr\/?page_id=75"},"modified":"2024-02-29T22:17:56","modified_gmt":"2024-02-29T21:17:56","slug":"drone-fgem","status":"publish","type":"page","link":"https:\/\/drone-fgem.fr\/index.php\/drone-fgem\/","title":{"rendered":"Drone-FGEM"},"content":{"rendered":"\t\t<div data-elementor-type=\"wp-page\" data-elementor-id=\"75\" class=\"elementor elementor-75\">\n\t\t\t\t<div class=\"elementor-element elementor-element-76318a2c e-flex e-con-boxed e-con e-parent\" data-id=\"76318a2c\" data-element_type=\"container\" data-settings=\"{&quot;content_width&quot;:&quot;boxed&quot;}\" data-core-v316-plus=\"true\">\n\t\t\t\t\t<div class=\"e-con-inner\">\n\t\t\t\t<div class=\"elementor-element elementor-element-0ccfb85 elementor-widget elementor-widget-heading\" data-id=\"0ccfb85\" data-element_type=\"widget\" data-widget_type=\"heading.default\">\n\t\t\t\t<div class=\"elementor-widget-container\">\n\t\t\t<style>\/*! elementor - v3.19.0 - 28-02-2024 *\/\n.elementor-heading-title{padding:0;margin:0;line-height:1}.elementor-widget-heading .elementor-heading-title[class*=elementor-size-]>a{color:inherit;font-size:inherit;line-height:inherit}.elementor-widget-heading .elementor-heading-title.elementor-size-small{font-size:15px}.elementor-widget-heading .elementor-heading-title.elementor-size-medium{font-size:19px}.elementor-widget-heading .elementor-heading-title.elementor-size-large{font-size:29px}.elementor-widget-heading .elementor-heading-title.elementor-size-xl{font-size:39px}.elementor-widget-heading .elementor-heading-title.elementor-size-xxl{font-size:59px}<\/style><h1 class=\"elementor-heading-title elementor-size-default\">Drone-FGEM<\/h1>\t\t<\/div>\n\t\t\t\t<\/div>\n\t\t\t\t\t<\/div>\n\t\t\t\t<\/div>\n\t\t<div class=\"elementor-element elementor-element-10d1153 e-flex e-con-boxed e-con e-parent\" data-id=\"10d1153\" data-element_type=\"container\" data-settings=\"{&quot;content_width&quot;:&quot;boxed&quot;}\" data-core-v316-plus=\"true\">\n\t\t\t\t\t<div class=\"e-con-inner\">\n\t\t<div class=\"elementor-element elementor-element-99ff00e e-con-full e-flex e-con e-child\" data-id=\"99ff00e\" data-element_type=\"container\" data-settings=\"{&quot;content_width&quot;:&quot;full&quot;}\">\n\t\t\t\t<div class=\"elementor-element elementor-element-2736d64 elementor-widget elementor-widget-image\" data-id=\"2736d64\" data-element_type=\"widget\" data-widget_type=\"image.default\">\n\t\t\t\t<div class=\"elementor-widget-container\">\n\t\t\t<style>\/*! elementor - v3.19.0 - 28-02-2024 *\/\n.elementor-widget-image{text-align:center}.elementor-widget-image a{display:inline-block}.elementor-widget-image a img[src$=\".svg\"]{width:48px}.elementor-widget-image img{vertical-align:middle;display:inline-block}<\/style>\t\t\t\t\t\t\t\t\t\t<img fetchpriority=\"high\" decoding=\"async\" width=\"550\" height=\"413\" src=\"https:\/\/drone-fgem.fr\/wp-content\/uploads\/2024\/02\/telepilote-de-dos-et-drone.jpg\" class=\"attachment-large size-large wp-image-1414\" alt=\"\" srcset=\"https:\/\/drone-fgem.fr\/wp-content\/uploads\/2024\/02\/telepilote-de-dos-et-drone.jpg 550w, https:\/\/drone-fgem.fr\/wp-content\/uploads\/2024\/02\/telepilote-de-dos-et-drone-300x225.jpg 300w\" sizes=\"(max-width: 550px) 100vw, 550px\" \/>\t\t\t\t\t\t\t\t\t\t\t\t\t<\/div>\n\t\t\t\t<\/div>\n\t\t\t\t<\/div>\n\t\t<div class=\"elementor-element elementor-element-e880684 e-con-full e-flex e-con e-child\" data-id=\"e880684\" data-element_type=\"container\" data-settings=\"{&quot;content_width&quot;:&quot;full&quot;}\">\n\t\t\t\t<div class=\"elementor-element elementor-element-b76ed01 elementor-widget elementor-widget-image\" data-id=\"b76ed01\" data-element_type=\"widget\" data-widget_type=\"image.default\">\n\t\t\t\t<div class=\"elementor-widget-container\">\n\t\t\t\t\t\t\t\t\t\t\t\t\t<img decoding=\"async\" width=\"550\" height=\"413\" src=\"https:\/\/drone-fgem.fr\/wp-content\/uploads\/2024\/02\/chevalet-cone-et-telepilote.jpg\" class=\"attachment-large size-large wp-image-1405\" alt=\"\" srcset=\"https:\/\/drone-fgem.fr\/wp-content\/uploads\/2024\/02\/chevalet-cone-et-telepilote.jpg 550w, https:\/\/drone-fgem.fr\/wp-content\/uploads\/2024\/02\/chevalet-cone-et-telepilote-300x225.jpg 300w\" sizes=\"(max-width: 550px) 100vw, 550px\" \/>\t\t\t\t\t\t\t\t\t\t\t\t\t<\/div>\n\t\t\t\t<\/div>\n\t\t\t\t<\/div>\n\t\t<div class=\"elementor-element elementor-element-e6504ff e-con-full e-flex e-con e-child\" data-id=\"e6504ff\" data-element_type=\"container\" data-settings=\"{&quot;content_width&quot;:&quot;full&quot;}\">\n\t\t\t\t<div class=\"elementor-element elementor-element-c002d2c elementor-widget elementor-widget-text-editor\" data-id=\"c002d2c\" data-element_type=\"widget\" data-widget_type=\"text-editor.default\">\n\t\t\t\t<div class=\"elementor-widget-container\">\n\t\t\t<style>\/*! elementor - v3.19.0 - 28-02-2024 *\/\n.elementor-widget-text-editor.elementor-drop-cap-view-stacked .elementor-drop-cap{background-color:#69727d;color:#fff}.elementor-widget-text-editor.elementor-drop-cap-view-framed .elementor-drop-cap{color:#69727d;border:3px solid;background-color:transparent}.elementor-widget-text-editor:not(.elementor-drop-cap-view-default) .elementor-drop-cap{margin-top:8px}.elementor-widget-text-editor:not(.elementor-drop-cap-view-default) .elementor-drop-cap-letter{width:1em;height:1em}.elementor-widget-text-editor .elementor-drop-cap{float:left;text-align:center;line-height:1;font-size:50px}.elementor-widget-text-editor .elementor-drop-cap-letter{display:inline-block}<\/style>\t\t\t\t<p>Les domaines d&rsquo;expertise de Drone-FGEM sugg\u00e8rent une orientation vers des applications techniques et sp\u00e9cialis\u00e9es. L&rsquo;analyse thermique de fermes photovolta\u00efques et de b\u00e2timent peut \u00eatre cruciale pour assurer le bon fonctionnement des installations et d\u00e9tecter les \u00e9ventuels probl\u00e8mes de mani\u00e8re pr\u00e9coce. De m\u00eame, l&rsquo;inspection de b\u00e2timents, d&rsquo;ouvrages d&rsquo;art et le suivi de chantier par drone peuvent apporter des avantages significatifs en termes de rapidit\u00e9, d&rsquo;efficacit\u00e9 et de s\u00e9curit\u00e9 par rapport aux m\u00e9thodes conventionnelles.<\/p>\n<p>En tant que jeune entreprise, Drone-FGEM se d\u00e9marque par son agilit\u00e9, son innovation et sa capacit\u00e9 \u00e0 int\u00e9grer les derni\u00e8res technologies dans ses services.<\/p>\t\t\t\t\t\t<\/div>\n\t\t\t\t<\/div>\n\t\t\t\t<\/div>\n\t\t\t\t\t<\/div>\n\t\t\t\t<\/div>\n\t\t\t\t<\/div>\n\t\t","protected":false},"excerpt":{"rendered":"<p>Drone-FGEM Les domaines d&rsquo;expertise de Drone-FGEM sugg\u00e8rent une orientation vers des applications techniques et sp\u00e9cialis\u00e9es. L&rsquo;analyse thermique de fermes photovolta\u00efques et de b\u00e2timent peut \u00eatre cruciale pour assurer le bon fonctionnement des installations et d\u00e9tecter les \u00e9ventuels probl\u00e8mes de mani\u00e8re pr\u00e9coce. De m\u00eame, l&rsquo;inspection de b\u00e2timents, d&rsquo;ouvrages d&rsquo;art et le suivi de chantier par drone [&hellip;]<\/p>\n","protected":false},"author":1,"featured_media":0,"parent":0,"menu_order":10,"comment_status":"closed","ping_status":"closed","template":"","meta":{"inline_featured_image":false,"footnotes":""},"class_list":["post-75","page","type-page","status-publish","hentry","entry"],"yoast_head":"<!-- This site is optimized with the Yoast SEO plugin v22.2 - https:\/\/yoast.com\/wordpress\/plugins\/seo\/ -->\n<title>Drone-FGEM - Drone-FGEM<\/title>\n<meta name=\"robots\" content=\"index, follow, max-snippet:-1, max-image-preview:large, max-video-preview:-1\" \/>\n<link rel=\"canonical\" href=\"https:\/\/drone-fgem.fr\/index.php\/drone-fgem\/\" \/>\n<meta property=\"og:locale\" content=\"fr_FR\" \/>\n<meta property=\"og:type\" content=\"article\" \/>\n<meta property=\"og:title\" content=\"Drone-FGEM - Drone-FGEM\" \/>\n<meta property=\"og:description\" content=\"Drone-FGEM Les domaines d&rsquo;expertise de Drone-FGEM sugg\u00e8rent une orientation vers des applications techniques et sp\u00e9cialis\u00e9es. L&rsquo;analyse thermique de fermes photovolta\u00efques et de b\u00e2timent peut \u00eatre cruciale pour assurer le bon fonctionnement des installations et d\u00e9tecter les \u00e9ventuels probl\u00e8mes de mani\u00e8re pr\u00e9coce. De m\u00eame, l&rsquo;inspection de b\u00e2timents, d&rsquo;ouvrages d&rsquo;art et le suivi de chantier par drone [&hellip;]\" \/>\n<meta property=\"og:url\" content=\"https:\/\/drone-fgem.fr\/index.php\/drone-fgem\/\" \/>\n<meta property=\"og:site_name\" content=\"Drone-FGEM\" \/>\n<meta property=\"article:modified_time\" content=\"2024-02-29T21:17:56+00:00\" \/>\n<meta property=\"og:image\" content=\"http:\/\/drone-fgem.fr\/wp-content\/uploads\/2024\/02\/telepilote-de-dos-et-drone.jpg\" \/>\n<meta name=\"twitter:card\" content=\"summary_large_image\" \/>\n<meta name=\"twitter:label1\" content=\"Dur\u00e9e de lecture estim\u00e9e\" \/>\n\t<meta name=\"twitter:data1\" content=\"1 minute\" \/>\n<script type=\"application\/ld+json\" class=\"yoast-schema-graph\">{\"@context\":\"https:\/\/schema.org\",\"@graph\":[{\"@type\":\"WebPage\",\"@id\":\"https:\/\/drone-fgem.fr\/index.php\/drone-fgem\/\",\"url\":\"https:\/\/drone-fgem.fr\/index.php\/drone-fgem\/\",\"name\":\"Drone-FGEM - Drone-FGEM\",\"isPartOf\":{\"@id\":\"https:\/\/drone-fgem.fr\/#website\"},\"primaryImageOfPage\":{\"@id\":\"https:\/\/drone-fgem.fr\/index.php\/drone-fgem\/#primaryimage\"},\"image\":{\"@id\":\"https:\/\/drone-fgem.fr\/index.php\/drone-fgem\/#primaryimage\"},\"thumbnailUrl\":\"http:\/\/drone-fgem.fr\/wp-content\/uploads\/2024\/02\/telepilote-de-dos-et-drone.jpg\",\"datePublished\":\"2024-01-17T14:14:01+00:00\",\"dateModified\":\"2024-02-29T21:17:56+00:00\",\"breadcrumb\":{\"@id\":\"https:\/\/drone-fgem.fr\/index.php\/drone-fgem\/#breadcrumb\"},\"inLanguage\":\"fr-FR\",\"potentialAction\":[{\"@type\":\"ReadAction\",\"target\":[\"https:\/\/drone-fgem.fr\/index.php\/drone-fgem\/\"]}]},{\"@type\":\"ImageObject\",\"inLanguage\":\"fr-FR\",\"@id\":\"https:\/\/drone-fgem.fr\/index.php\/drone-fgem\/#primaryimage\",\"url\":\"https:\/\/drone-fgem.fr\/wp-content\/uploads\/2024\/02\/telepilote-de-dos-et-drone.jpg\",\"contentUrl\":\"https:\/\/drone-fgem.fr\/wp-content\/uploads\/2024\/02\/telepilote-de-dos-et-drone.jpg\",\"width\":550,\"height\":413},{\"@type\":\"BreadcrumbList\",\"@id\":\"https:\/\/drone-fgem.fr\/index.php\/drone-fgem\/#breadcrumb\",\"itemListElement\":[{\"@type\":\"ListItem\",\"position\":1,\"name\":\"Accueil\",\"item\":\"https:\/\/drone-fgem.fr\/\"},{\"@type\":\"ListItem\",\"position\":2,\"name\":\"Drone-FGEM\"}]},{\"@type\":\"WebSite\",\"@id\":\"https:\/\/drone-fgem.fr\/#website\",\"url\":\"https:\/\/drone-fgem.fr\/\",\"name\":\"Drone-FGEM\",\"description\":\"La thermographie et l&#039;inspection par drone\",\"publisher\":{\"@id\":\"https:\/\/drone-fgem.fr\/#organization\"},\"potentialAction\":[{\"@type\":\"SearchAction\",\"target\":{\"@type\":\"EntryPoint\",\"urlTemplate\":\"https:\/\/drone-fgem.fr\/?s={search_term_string}\"},\"query-input\":\"required name=search_term_string\"}],\"inLanguage\":\"fr-FR\"},{\"@type\":\"Organization\",\"@id\":\"https:\/\/drone-fgem.fr\/#organization\",\"name\":\"Drone-FGEM\",\"url\":\"https:\/\/drone-fgem.fr\/\",\"logo\":{\"@type\":\"ImageObject\",\"inLanguage\":\"fr-FR\",\"@id\":\"https:\/\/drone-fgem.fr\/#\/schema\/logo\/image\/\",\"url\":\"https:\/\/drone-fgem.fr\/wp-content\/uploads\/2024\/02\/2.png\",\"contentUrl\":\"https:\/\/drone-fgem.fr\/wp-content\/uploads\/2024\/02\/2.png\",\"width\":1500,\"height\":1500,\"caption\":\"Drone-FGEM\"},\"image\":{\"@id\":\"https:\/\/drone-fgem.fr\/#\/schema\/logo\/image\/\"}}]}<\/script>\n<!-- \/ Yoast SEO plugin. -->","yoast_head_json":{"title":"Drone-FGEM - Drone-FGEM","robots":{"index":"index","follow":"follow","max-snippet":"max-snippet:-1","max-image-preview":"max-image-preview:large","max-video-preview":"max-video-preview:-1"},"canonical":"https:\/\/drone-fgem.fr\/index.php\/drone-fgem\/","og_locale":"fr_FR","og_type":"article","og_title":"Drone-FGEM - Drone-FGEM","og_description":"Drone-FGEM Les domaines d&rsquo;expertise de Drone-FGEM sugg\u00e8rent une orientation vers des applications techniques et sp\u00e9cialis\u00e9es. L&rsquo;analyse thermique de fermes photovolta\u00efques et de b\u00e2timent peut \u00eatre cruciale pour assurer le bon fonctionnement des installations et d\u00e9tecter les \u00e9ventuels probl\u00e8mes de mani\u00e8re pr\u00e9coce. De m\u00eame, l&rsquo;inspection de b\u00e2timents, d&rsquo;ouvrages d&rsquo;art et le suivi de chantier par drone [&hellip;]","og_url":"https:\/\/drone-fgem.fr\/index.php\/drone-fgem\/","og_site_name":"Drone-FGEM","article_modified_time":"2024-02-29T21:17:56+00:00","og_image":[{"url":"http:\/\/drone-fgem.fr\/wp-content\/uploads\/2024\/02\/telepilote-de-dos-et-drone.jpg"}],"twitter_card":"summary_large_image","twitter_misc":{"Dur\u00e9e de lecture estim\u00e9e":"1 minute"},"schema":{"@context":"https:\/\/schema.org","@graph":[{"@type":"WebPage","@id":"https:\/\/drone-fgem.fr\/index.php\/drone-fgem\/","url":"https:\/\/drone-fgem.fr\/index.php\/drone-fgem\/","name":"Drone-FGEM - Drone-FGEM","isPartOf":{"@id":"https:\/\/drone-fgem.fr\/#website"},"primaryImageOfPage":{"@id":"https:\/\/drone-fgem.fr\/index.php\/drone-fgem\/#primaryimage"},"image":{"@id":"https:\/\/drone-fgem.fr\/index.php\/drone-fgem\/#primaryimage"},"thumbnailUrl":"http:\/\/drone-fgem.fr\/wp-content\/uploads\/2024\/02\/telepilote-de-dos-et-drone.jpg","datePublished":"2024-01-17T14:14:01+00:00","dateModified":"2024-02-29T21:17:56+00:00","breadcrumb":{"@id":"https:\/\/drone-fgem.fr\/index.php\/drone-fgem\/#breadcrumb"},"inLanguage":"fr-FR","potentialAction":[{"@type":"ReadAction","target":["https:\/\/drone-fgem.fr\/index.php\/drone-fgem\/"]}]},{"@type":"ImageObject","inLanguage":"fr-FR","@id":"https:\/\/drone-fgem.fr\/index.php\/drone-fgem\/#primaryimage","url":"https:\/\/drone-fgem.fr\/wp-content\/uploads\/2024\/02\/telepilote-de-dos-et-drone.jpg","contentUrl":"https:\/\/drone-fgem.fr\/wp-content\/uploads\/2024\/02\/telepilote-de-dos-et-drone.jpg","width":550,"height":413},{"@type":"BreadcrumbList","@id":"https:\/\/drone-fgem.fr\/index.php\/drone-fgem\/#breadcrumb","itemListElement":[{"@type":"ListItem","position":1,"name":"Accueil","item":"https:\/\/drone-fgem.fr\/"},{"@type":"ListItem","position":2,"name":"Drone-FGEM"}]},{"@type":"WebSite","@id":"https:\/\/drone-fgem.fr\/#website","url":"https:\/\/drone-fgem.fr\/","name":"Drone-FGEM","description":"La thermographie et l&#039;inspection par drone","publisher":{"@id":"https:\/\/drone-fgem.fr\/#organization"},"potentialAction":[{"@type":"SearchAction","target":{"@type":"EntryPoint","urlTemplate":"https:\/\/drone-fgem.fr\/?s={search_term_string}"},"query-input":"required name=search_term_string"}],"inLanguage":"fr-FR"},{"@type":"Organization","@id":"https:\/\/drone-fgem.fr\/#organization","name":"Drone-FGEM","url":"https:\/\/drone-fgem.fr\/","logo":{"@type":"ImageObject","inLanguage":"fr-FR","@id":"https:\/\/drone-fgem.fr\/#\/schema\/logo\/image\/","url":"https:\/\/drone-fgem.fr\/wp-content\/uploads\/2024\/02\/2.png","contentUrl":"https:\/\/drone-fgem.fr\/wp-content\/uploads\/2024\/02\/2.png","width":1500,"height":1500,"caption":"Drone-FGEM"},"image":{"@id":"https:\/\/drone-fgem.fr\/#\/schema\/logo\/image\/"}}]}},"_links":{"self":[{"href":"https:\/\/drone-fgem.fr\/index.php\/wp-json\/wp\/v2\/pages\/75","targetHints":{"allow":["GET"]}}],"collection":[{"href":"https:\/\/drone-fgem.fr\/index.php\/wp-json\/wp\/v2\/pages"}],"about":[{"href":"https:\/\/drone-fgem.fr\/index.php\/wp-json\/wp\/v2\/types\/page"}],"author":[{"embeddable":true,"href":"https:\/\/drone-fgem.fr\/index.php\/wp-json\/wp\/v2\/users\/1"}],"replies":[{"embeddable":true,"href":"https:\/\/drone-fgem.fr\/index.php\/wp-json\/wp\/v2\/comments?post=75"}],"version-history":[{"count":32,"href":"https:\/\/drone-fgem.fr\/index.php\/wp-json\/wp\/v2\/pages\/75\/revisions"}],"predecessor-version":[{"id":1480,"href":"https:\/\/drone-fgem.fr\/index.php\/wp-json\/wp\/v2\/pages\/75\/revisions\/1480"}],"wp:attachment":[{"href":"https:\/\/drone-fgem.fr\/index.php\/wp-json\/wp\/v2\/media?parent=75"}],"curies":[{"name":"wp","href":"https:\/\/api.w.org\/{rel}","templated":true}]}}