{"id":71,"date":"2024-01-17T15:07:24","date_gmt":"2024-01-17T14:07:24","guid":{"rendered":"https:\/\/drone-fgem.fr\/?page_id=71"},"modified":"2024-02-29T21:44:41","modified_gmt":"2024-02-29T20:44:41","slug":"suivi-de-chantier","status":"publish","type":"page","link":"https:\/\/drone-fgem.fr\/index.php\/suivi-de-chantier\/","title":{"rendered":"Suivi de chantier"},"content":{"rendered":"\t\t<div data-elementor-type=\"wp-page\" data-elementor-id=\"71\" class=\"elementor elementor-71\">\n\t\t\t\t<div class=\"elementor-element elementor-element-618e1133 e-flex e-con-boxed e-con e-parent\" data-id=\"618e1133\" data-element_type=\"container\" data-settings=\"{&quot;content_width&quot;:&quot;boxed&quot;}\" data-core-v316-plus=\"true\">\n\t\t\t\t\t<div class=\"e-con-inner\">\n\t\t\t\t<div class=\"elementor-element elementor-element-5cf81db elementor-widget elementor-widget-heading\" data-id=\"5cf81db\" data-element_type=\"widget\" data-widget_type=\"heading.default\">\n\t\t\t\t<div class=\"elementor-widget-container\">\n\t\t\t<style>\/*! elementor - v3.19.0 - 28-02-2024 *\/\n.elementor-heading-title{padding:0;margin:0;line-height:1}.elementor-widget-heading .elementor-heading-title[class*=elementor-size-]>a{color:inherit;font-size:inherit;line-height:inherit}.elementor-widget-heading .elementor-heading-title.elementor-size-small{font-size:15px}.elementor-widget-heading .elementor-heading-title.elementor-size-medium{font-size:19px}.elementor-widget-heading .elementor-heading-title.elementor-size-large{font-size:29px}.elementor-widget-heading .elementor-heading-title.elementor-size-xl{font-size:39px}.elementor-widget-heading .elementor-heading-title.elementor-size-xxl{font-size:59px}<\/style><h1 class=\"elementor-heading-title elementor-size-default\">Suivi de chantier<\/h1>\t\t<\/div>\n\t\t\t\t<\/div>\n\t\t\t\t\t<\/div>\n\t\t\t\t<\/div>\n\t\t<div class=\"elementor-element elementor-element-d0656cd e-flex e-con-boxed e-con e-parent\" data-id=\"d0656cd\" data-element_type=\"container\" data-settings=\"{&quot;content_width&quot;:&quot;boxed&quot;}\" data-core-v316-plus=\"true\">\n\t\t\t\t\t<div class=\"e-con-inner\">\n\t\t<div class=\"elementor-element elementor-element-f793412 e-con-full e-flex e-con e-child\" data-id=\"f793412\" data-element_type=\"container\" data-settings=\"{&quot;content_width&quot;:&quot;full&quot;}\">\n\t\t\t\t<div class=\"elementor-element elementor-element-c99f4d5 elementor-widget elementor-widget-text-editor\" data-id=\"c99f4d5\" data-element_type=\"widget\" data-widget_type=\"text-editor.default\">\n\t\t\t\t<div class=\"elementor-widget-container\">\n\t\t\t<style>\/*! elementor - v3.19.0 - 28-02-2024 *\/\n.elementor-widget-text-editor.elementor-drop-cap-view-stacked .elementor-drop-cap{background-color:#69727d;color:#fff}.elementor-widget-text-editor.elementor-drop-cap-view-framed .elementor-drop-cap{color:#69727d;border:3px solid;background-color:transparent}.elementor-widget-text-editor:not(.elementor-drop-cap-view-default) .elementor-drop-cap{margin-top:8px}.elementor-widget-text-editor:not(.elementor-drop-cap-view-default) .elementor-drop-cap-letter{width:1em;height:1em}.elementor-widget-text-editor .elementor-drop-cap{float:left;text-align:center;line-height:1;font-size:50px}.elementor-widget-text-editor .elementor-drop-cap-letter{display:inline-block}<\/style>\t\t\t\t<p>L\u2019imagerie a\u00e9rienne pour le suivi de chantier utilise des drones \u00e9quip\u00e9s de cam\u00e9ras pour capturer des images a\u00e9riennes du site de construction \u00e0 diff\u00e9rentes \u00e9tapes du projet. Ces images sont ensuite utilis\u00e9es pour diverses applications, telles que le suivi de l\u2019avancement, la gestion des ressources, la planification et la communication.<\/p>\t\t\t\t\t\t<\/div>\n\t\t\t\t<\/div>\n\t\t\t\t<\/div>\n\t\t<div class=\"elementor-element elementor-element-7385a93 e-con-full e-flex e-con e-child\" data-id=\"7385a93\" data-element_type=\"container\" data-settings=\"{&quot;content_width&quot;:&quot;full&quot;}\">\n\t\t\t\t<div class=\"elementor-element elementor-element-34f3530 elementor-widget elementor-widget-image\" data-id=\"34f3530\" data-element_type=\"widget\" data-widget_type=\"image.default\">\n\t\t\t\t<div class=\"elementor-widget-container\">\n\t\t\t<style>\/*! elementor - v3.19.0 - 28-02-2024 *\/\n.elementor-widget-image{text-align:center}.elementor-widget-image a{display:inline-block}.elementor-widget-image a img[src$=\".svg\"]{width:48px}.elementor-widget-image img{vertical-align:middle;display:inline-block}<\/style>\t\t\t\t\t\t\t\t\t\t<img fetchpriority=\"high\" decoding=\"async\" width=\"550\" height=\"395\" src=\"https:\/\/drone-fgem.fr\/wp-content\/uploads\/2024\/02\/chantier.jpg\" class=\"attachment-large size-large wp-image-1403\" alt=\"\" srcset=\"https:\/\/drone-fgem.fr\/wp-content\/uploads\/2024\/02\/chantier.jpg 550w, https:\/\/drone-fgem.fr\/wp-content\/uploads\/2024\/02\/chantier-300x215.jpg 300w\" sizes=\"(max-width: 550px) 100vw, 550px\" \/>\t\t\t\t\t\t\t\t\t\t\t\t\t<\/div>\n\t\t\t\t<\/div>\n\t\t\t\t<\/div>\n\t\t\t\t\t<\/div>\n\t\t\t\t<\/div>\n\t\t\t\t<\/div>\n\t\t","protected":false},"excerpt":{"rendered":"<p>Suivi de chantier L\u2019imagerie a\u00e9rienne pour le suivi de chantier utilise des drones \u00e9quip\u00e9s de cam\u00e9ras pour capturer des images a\u00e9riennes du site de construction \u00e0 diff\u00e9rentes \u00e9tapes du projet. Ces images sont ensuite utilis\u00e9es pour diverses applications, telles que le suivi de l\u2019avancement, la gestion des ressources, la planification et la communication.<\/p>\n","protected":false},"author":1,"featured_media":0,"parent":0,"menu_order":8,"comment_status":"closed","ping_status":"closed","template":"","meta":{"inline_featured_image":false,"footnotes":""},"class_list":["post-71","page","type-page","status-publish","hentry","entry"],"yoast_head":"<!-- This site is optimized with the Yoast SEO plugin v22.2 - https:\/\/yoast.com\/wordpress\/plugins\/seo\/ -->\n<title>Suivi de chantier - Drone-FGEM<\/title>\n<meta name=\"robots\" content=\"index, follow, max-snippet:-1, max-image-preview:large, max-video-preview:-1\" \/>\n<link rel=\"canonical\" href=\"https:\/\/drone-fgem.fr\/index.php\/suivi-de-chantier\/\" \/>\n<meta property=\"og:locale\" content=\"fr_FR\" \/>\n<meta property=\"og:type\" content=\"article\" \/>\n<meta property=\"og:title\" content=\"Suivi de chantier - Drone-FGEM\" \/>\n<meta property=\"og:description\" content=\"Suivi de chantier L\u2019imagerie a\u00e9rienne pour le suivi de chantier utilise des drones \u00e9quip\u00e9s de cam\u00e9ras pour capturer des images a\u00e9riennes du site de construction \u00e0 diff\u00e9rentes \u00e9tapes du projet. Ces images sont ensuite utilis\u00e9es pour diverses applications, telles que le suivi de l\u2019avancement, la gestion des ressources, la planification et la communication.\" \/>\n<meta property=\"og:url\" content=\"https:\/\/drone-fgem.fr\/index.php\/suivi-de-chantier\/\" \/>\n<meta property=\"og:site_name\" content=\"Drone-FGEM\" \/>\n<meta property=\"article:modified_time\" content=\"2024-02-29T20:44:41+00:00\" \/>\n<meta property=\"og:image\" content=\"http:\/\/drone-fgem.fr\/wp-content\/uploads\/2024\/02\/chantier.jpg\" \/>\n<meta name=\"twitter:card\" content=\"summary_large_image\" \/>\n<meta name=\"twitter:label1\" content=\"Dur\u00e9e de lecture estim\u00e9e\" \/>\n\t<meta name=\"twitter:data1\" content=\"1 minute\" \/>\n<script type=\"application\/ld+json\" class=\"yoast-schema-graph\">{\"@context\":\"https:\/\/schema.org\",\"@graph\":[{\"@type\":\"WebPage\",\"@id\":\"https:\/\/drone-fgem.fr\/index.php\/suivi-de-chantier\/\",\"url\":\"https:\/\/drone-fgem.fr\/index.php\/suivi-de-chantier\/\",\"name\":\"Suivi de chantier - Drone-FGEM\",\"isPartOf\":{\"@id\":\"https:\/\/drone-fgem.fr\/#website\"},\"primaryImageOfPage\":{\"@id\":\"https:\/\/drone-fgem.fr\/index.php\/suivi-de-chantier\/#primaryimage\"},\"image\":{\"@id\":\"https:\/\/drone-fgem.fr\/index.php\/suivi-de-chantier\/#primaryimage\"},\"thumbnailUrl\":\"http:\/\/drone-fgem.fr\/wp-content\/uploads\/2024\/02\/chantier.jpg\",\"datePublished\":\"2024-01-17T14:07:24+00:00\",\"dateModified\":\"2024-02-29T20:44:41+00:00\",\"breadcrumb\":{\"@id\":\"https:\/\/drone-fgem.fr\/index.php\/suivi-de-chantier\/#breadcrumb\"},\"inLanguage\":\"fr-FR\",\"potentialAction\":[{\"@type\":\"ReadAction\",\"target\":[\"https:\/\/drone-fgem.fr\/index.php\/suivi-de-chantier\/\"]}]},{\"@type\":\"ImageObject\",\"inLanguage\":\"fr-FR\",\"@id\":\"https:\/\/drone-fgem.fr\/index.php\/suivi-de-chantier\/#primaryimage\",\"url\":\"https:\/\/drone-fgem.fr\/wp-content\/uploads\/2024\/02\/chantier.jpg\",\"contentUrl\":\"https:\/\/drone-fgem.fr\/wp-content\/uploads\/2024\/02\/chantier.jpg\",\"width\":550,\"height\":395,\"caption\":\"default\"},{\"@type\":\"BreadcrumbList\",\"@id\":\"https:\/\/drone-fgem.fr\/index.php\/suivi-de-chantier\/#breadcrumb\",\"itemListElement\":[{\"@type\":\"ListItem\",\"position\":1,\"name\":\"Accueil\",\"item\":\"https:\/\/drone-fgem.fr\/\"},{\"@type\":\"ListItem\",\"position\":2,\"name\":\"Suivi de chantier\"}]},{\"@type\":\"WebSite\",\"@id\":\"https:\/\/drone-fgem.fr\/#website\",\"url\":\"https:\/\/drone-fgem.fr\/\",\"name\":\"Drone-FGEM\",\"description\":\"La thermographie et l&#039;inspection par drone\",\"publisher\":{\"@id\":\"https:\/\/drone-fgem.fr\/#organization\"},\"potentialAction\":[{\"@type\":\"SearchAction\",\"target\":{\"@type\":\"EntryPoint\",\"urlTemplate\":\"https:\/\/drone-fgem.fr\/?s={search_term_string}\"},\"query-input\":\"required name=search_term_string\"}],\"inLanguage\":\"fr-FR\"},{\"@type\":\"Organization\",\"@id\":\"https:\/\/drone-fgem.fr\/#organization\",\"name\":\"Drone-FGEM\",\"url\":\"https:\/\/drone-fgem.fr\/\",\"logo\":{\"@type\":\"ImageObject\",\"inLanguage\":\"fr-FR\",\"@id\":\"https:\/\/drone-fgem.fr\/#\/schema\/logo\/image\/\",\"url\":\"https:\/\/drone-fgem.fr\/wp-content\/uploads\/2024\/02\/2.png\",\"contentUrl\":\"https:\/\/drone-fgem.fr\/wp-content\/uploads\/2024\/02\/2.png\",\"width\":1500,\"height\":1500,\"caption\":\"Drone-FGEM\"},\"image\":{\"@id\":\"https:\/\/drone-fgem.fr\/#\/schema\/logo\/image\/\"}}]}<\/script>\n<!-- \/ Yoast SEO plugin. -->","yoast_head_json":{"title":"Suivi de chantier - Drone-FGEM","robots":{"index":"index","follow":"follow","max-snippet":"max-snippet:-1","max-image-preview":"max-image-preview:large","max-video-preview":"max-video-preview:-1"},"canonical":"https:\/\/drone-fgem.fr\/index.php\/suivi-de-chantier\/","og_locale":"fr_FR","og_type":"article","og_title":"Suivi de chantier - Drone-FGEM","og_description":"Suivi de chantier L\u2019imagerie a\u00e9rienne pour le suivi de chantier utilise des drones \u00e9quip\u00e9s de cam\u00e9ras pour capturer des images a\u00e9riennes du site de construction \u00e0 diff\u00e9rentes \u00e9tapes du projet. Ces images sont ensuite utilis\u00e9es pour diverses applications, telles que le suivi de l\u2019avancement, la gestion des ressources, la planification et la communication.","og_url":"https:\/\/drone-fgem.fr\/index.php\/suivi-de-chantier\/","og_site_name":"Drone-FGEM","article_modified_time":"2024-02-29T20:44:41+00:00","og_image":[{"url":"http:\/\/drone-fgem.fr\/wp-content\/uploads\/2024\/02\/chantier.jpg"}],"twitter_card":"summary_large_image","twitter_misc":{"Dur\u00e9e de lecture estim\u00e9e":"1 minute"},"schema":{"@context":"https:\/\/schema.org","@graph":[{"@type":"WebPage","@id":"https:\/\/drone-fgem.fr\/index.php\/suivi-de-chantier\/","url":"https:\/\/drone-fgem.fr\/index.php\/suivi-de-chantier\/","name":"Suivi de chantier - Drone-FGEM","isPartOf":{"@id":"https:\/\/drone-fgem.fr\/#website"},"primaryImageOfPage":{"@id":"https:\/\/drone-fgem.fr\/index.php\/suivi-de-chantier\/#primaryimage"},"image":{"@id":"https:\/\/drone-fgem.fr\/index.php\/suivi-de-chantier\/#primaryimage"},"thumbnailUrl":"http:\/\/drone-fgem.fr\/wp-content\/uploads\/2024\/02\/chantier.jpg","datePublished":"2024-01-17T14:07:24+00:00","dateModified":"2024-02-29T20:44:41+00:00","breadcrumb":{"@id":"https:\/\/drone-fgem.fr\/index.php\/suivi-de-chantier\/#breadcrumb"},"inLanguage":"fr-FR","potentialAction":[{"@type":"ReadAction","target":["https:\/\/drone-fgem.fr\/index.php\/suivi-de-chantier\/"]}]},{"@type":"ImageObject","inLanguage":"fr-FR","@id":"https:\/\/drone-fgem.fr\/index.php\/suivi-de-chantier\/#primaryimage","url":"https:\/\/drone-fgem.fr\/wp-content\/uploads\/2024\/02\/chantier.jpg","contentUrl":"https:\/\/drone-fgem.fr\/wp-content\/uploads\/2024\/02\/chantier.jpg","width":550,"height":395,"caption":"default"},{"@type":"BreadcrumbList","@id":"https:\/\/drone-fgem.fr\/index.php\/suivi-de-chantier\/#breadcrumb","itemListElement":[{"@type":"ListItem","position":1,"name":"Accueil","item":"https:\/\/drone-fgem.fr\/"},{"@type":"ListItem","position":2,"name":"Suivi de chantier"}]},{"@type":"WebSite","@id":"https:\/\/drone-fgem.fr\/#website","url":"https:\/\/drone-fgem.fr\/","name":"Drone-FGEM","description":"La thermographie et l&#039;inspection par drone","publisher":{"@id":"https:\/\/drone-fgem.fr\/#organization"},"potentialAction":[{"@type":"SearchAction","target":{"@type":"EntryPoint","urlTemplate":"https:\/\/drone-fgem.fr\/?s={search_term_string}"},"query-input":"required name=search_term_string"}],"inLanguage":"fr-FR"},{"@type":"Organization","@id":"https:\/\/drone-fgem.fr\/#organization","name":"Drone-FGEM","url":"https:\/\/drone-fgem.fr\/","logo":{"@type":"ImageObject","inLanguage":"fr-FR","@id":"https:\/\/drone-fgem.fr\/#\/schema\/logo\/image\/","url":"https:\/\/drone-fgem.fr\/wp-content\/uploads\/2024\/02\/2.png","contentUrl":"https:\/\/drone-fgem.fr\/wp-content\/uploads\/2024\/02\/2.png","width":1500,"height":1500,"caption":"Drone-FGEM"},"image":{"@id":"https:\/\/drone-fgem.fr\/#\/schema\/logo\/image\/"}}]}},"_links":{"self":[{"href":"https:\/\/drone-fgem.fr\/index.php\/wp-json\/wp\/v2\/pages\/71","targetHints":{"allow":["GET"]}}],"collection":[{"href":"https:\/\/drone-fgem.fr\/index.php\/wp-json\/wp\/v2\/pages"}],"about":[{"href":"https:\/\/drone-fgem.fr\/index.php\/wp-json\/wp\/v2\/types\/page"}],"author":[{"embeddable":true,"href":"https:\/\/drone-fgem.fr\/index.php\/wp-json\/wp\/v2\/users\/1"}],"replies":[{"embeddable":true,"href":"https:\/\/drone-fgem.fr\/index.php\/wp-json\/wp\/v2\/comments?post=71"}],"version-history":[{"count":29,"href":"https:\/\/drone-fgem.fr\/index.php\/wp-json\/wp\/v2\/pages\/71\/revisions"}],"predecessor-version":[{"id":1477,"href":"https:\/\/drone-fgem.fr\/index.php\/wp-json\/wp\/v2\/pages\/71\/revisions\/1477"}],"wp:attachment":[{"href":"https:\/\/drone-fgem.fr\/index.php\/wp-json\/wp\/v2\/media?parent=71"}],"curies":[{"name":"wp","href":"https:\/\/api.w.org\/{rel}","templated":true}]}}