{"id":29,"date":"2024-01-16T16:28:09","date_gmt":"2024-01-16T15:28:09","guid":{"rendered":"https:\/\/drone-fgem.fr\/?page_id=29"},"modified":"2024-03-01T01:03:28","modified_gmt":"2024-03-01T00:03:28","slug":"la-reglementation","status":"publish","type":"page","link":"https:\/\/drone-fgem.fr\/index.php\/la-reglementation\/","title":{"rendered":"La r\u00e9glementation"},"content":{"rendered":"\t\t<div data-elementor-type=\"wp-page\" data-elementor-id=\"29\" class=\"elementor elementor-29\">\n\t\t\t\t<div class=\"elementor-element elementor-element-7a4249c8 e-flex e-con-boxed e-con e-parent\" data-id=\"7a4249c8\" data-element_type=\"container\" data-settings=\"{&quot;content_width&quot;:&quot;boxed&quot;}\" data-core-v316-plus=\"true\">\n\t\t\t\t\t<div class=\"e-con-inner\">\n\t\t\t\t<div class=\"elementor-element elementor-element-b099d59 elementor-widget elementor-widget-heading\" data-id=\"b099d59\" data-element_type=\"widget\" data-widget_type=\"heading.default\">\n\t\t\t\t<div class=\"elementor-widget-container\">\n\t\t\t<style>\/*! elementor - v3.19.0 - 28-02-2024 *\/\n.elementor-heading-title{padding:0;margin:0;line-height:1}.elementor-widget-heading .elementor-heading-title[class*=elementor-size-]>a{color:inherit;font-size:inherit;line-height:inherit}.elementor-widget-heading .elementor-heading-title.elementor-size-small{font-size:15px}.elementor-widget-heading .elementor-heading-title.elementor-size-medium{font-size:19px}.elementor-widget-heading .elementor-heading-title.elementor-size-large{font-size:29px}.elementor-widget-heading .elementor-heading-title.elementor-size-xl{font-size:39px}.elementor-widget-heading .elementor-heading-title.elementor-size-xxl{font-size:59px}<\/style><h1 class=\"elementor-heading-title elementor-size-default\">La r\u00e9glementation<\/h1>\t\t<\/div>\n\t\t\t\t<\/div>\n\t\t\t\t\t<\/div>\n\t\t\t\t<\/div>\n\t\t<div class=\"elementor-element elementor-element-ac7cec5 e-flex e-con-boxed e-con e-parent\" data-id=\"ac7cec5\" data-element_type=\"container\" data-settings=\"{&quot;content_width&quot;:&quot;boxed&quot;}\" data-core-v316-plus=\"true\">\n\t\t\t\t\t<div class=\"e-con-inner\">\n\t\t\t\t<div class=\"elementor-element elementor-element-4a82943 elementor-widget elementor-widget-text-editor\" data-id=\"4a82943\" data-element_type=\"widget\" data-widget_type=\"text-editor.default\">\n\t\t\t\t<div class=\"elementor-widget-container\">\n\t\t\t<style>\/*! elementor - v3.19.0 - 28-02-2024 *\/\n.elementor-widget-text-editor.elementor-drop-cap-view-stacked .elementor-drop-cap{background-color:#69727d;color:#fff}.elementor-widget-text-editor.elementor-drop-cap-view-framed .elementor-drop-cap{color:#69727d;border:3px solid;background-color:transparent}.elementor-widget-text-editor:not(.elementor-drop-cap-view-default) .elementor-drop-cap{margin-top:8px}.elementor-widget-text-editor:not(.elementor-drop-cap-view-default) .elementor-drop-cap-letter{width:1em;height:1em}.elementor-widget-text-editor .elementor-drop-cap{float:left;text-align:center;line-height:1;font-size:50px}.elementor-widget-text-editor .elementor-drop-cap-letter{display:inline-block}<\/style>\t\t\t\t<p><strong>Trois organismes collaborent pour assurer la s\u00e9curit\u00e9 et la r\u00e9gulation efficace de l&rsquo;aviation civile \u00e0 diff\u00e9rents niveaux g\u00e9ographiques :<\/strong><\/p>\t\t\t\t\t\t<\/div>\n\t\t\t\t<\/div>\n\t\t\t\t\t<\/div>\n\t\t\t\t<\/div>\n\t\t<div class=\"elementor-element elementor-element-6882cfa e-flex e-con-boxed e-con e-parent\" data-id=\"6882cfa\" data-element_type=\"container\" data-settings=\"{&quot;content_width&quot;:&quot;boxed&quot;}\" data-core-v316-plus=\"true\">\n\t\t\t\t\t<div class=\"e-con-inner\">\n\t\t<div class=\"elementor-element elementor-element-750461c e-con-full e-flex e-con e-child\" data-id=\"750461c\" data-element_type=\"container\" data-settings=\"{&quot;content_width&quot;:&quot;full&quot;}\">\n\t\t\t\t<div class=\"elementor-element elementor-element-378015a elementor-widget elementor-widget-text-editor\" data-id=\"378015a\" data-element_type=\"widget\" data-widget_type=\"text-editor.default\">\n\t\t\t\t<div class=\"elementor-widget-container\">\n\t\t\t\t\t\t\t<p>L&rsquo;<a href=\"https:\/\/www.icao.int\/safety\/ngap\/publishingimages\/forms\/thumbnails.aspx?Paged=TRUE&amp;p_SortBehavior=0&amp;p_FileLeafRef=Jamaica%20logo%2Epng&amp;p_ID=126&amp;PageFirstRow=91&amp;&amp;View=%7BF3462C37-FEC8-4F8B-9B37-5C051FDC8C20%7D\" target=\"_blank\" rel=\"noopener\">OACI<\/a> \u00e9tablit des normes internationales<\/p>\t\t\t\t\t\t<\/div>\n\t\t\t\t<\/div>\n\t\t\t\t<\/div>\n\t\t<div class=\"elementor-element elementor-element-b72bc15 e-con-full e-flex e-con e-child\" data-id=\"b72bc15\" data-element_type=\"container\" data-settings=\"{&quot;content_width&quot;:&quot;full&quot;}\">\n\t\t\t\t<div class=\"elementor-element elementor-element-8426cd2 elementor-widget elementor-widget-text-editor\" data-id=\"8426cd2\" data-element_type=\"widget\" data-widget_type=\"text-editor.default\">\n\t\t\t\t<div class=\"elementor-widget-container\">\n\t\t\t\t\t\t\t<p>L&rsquo;<a href=\"https:\/\/www.easa.europa.eu\/en\" target=\"_blank\" rel=\"noopener\">EASA<\/a> harmonise les r\u00e8gles au niveau europ\u00e9en<\/p>\t\t\t\t\t\t<\/div>\n\t\t\t\t<\/div>\n\t\t\t\t<\/div>\n\t\t<div class=\"elementor-element elementor-element-eb5f217 e-con-full e-flex e-con e-child\" data-id=\"eb5f217\" data-element_type=\"container\" data-settings=\"{&quot;content_width&quot;:&quot;full&quot;}\">\n\t\t\t\t<div class=\"elementor-element elementor-element-11e9625 elementor-widget elementor-widget-text-editor\" data-id=\"11e9625\" data-element_type=\"widget\" data-widget_type=\"text-editor.default\">\n\t\t\t\t<div class=\"elementor-widget-container\">\n\t\t\t\t\t\t\t<p>La <a href=\"https:\/\/www.ecologie.gouv.fr\/direction-generale-laviation-civile-dgac\" target=\"_blank\" rel=\"noopener\">DGAC<\/a> est responsable de l&rsquo;application de ces r\u00e8gles en France<\/p>\t\t\t\t\t\t<\/div>\n\t\t\t\t<\/div>\n\t\t\t\t<\/div>\n\t\t\t\t\t<\/div>\n\t\t\t\t<\/div>\n\t\t<div class=\"elementor-element elementor-element-d238e2b e-flex e-con-boxed e-con e-parent\" data-id=\"d238e2b\" data-element_type=\"container\" data-settings=\"{&quot;content_width&quot;:&quot;boxed&quot;}\" data-core-v316-plus=\"true\">\n\t\t\t\t\t<div class=\"e-con-inner\">\n\t\t<div class=\"elementor-element elementor-element-7c0f936 e-con-full e-flex e-con e-child\" data-id=\"7c0f936\" data-element_type=\"container\" data-settings=\"{&quot;content_width&quot;:&quot;full&quot;}\">\n\t\t\t\t<div class=\"elementor-element elementor-element-0256870 elementor-widget elementor-widget-text-editor\" data-id=\"0256870\" data-element_type=\"widget\" data-widget_type=\"text-editor.default\">\n\t\t\t\t<div class=\"elementor-widget-container\">\n\t\t\t\t\t\t\t<p><strong>Les drones (UAS) :<\/strong><\/p><p><a href=\"https:\/\/www.ecologie.gouv.fr\/introduction\">Introduction<\/a> (site du minist\u00e8re de la transition \u00e9cologique et de la coh\u00e9sion des territoires)<\/p>\t\t\t\t\t\t<\/div>\n\t\t\t\t<\/div>\n\t\t\t\t<\/div>\n\t\t<div class=\"elementor-element elementor-element-4da4f51 e-con-full e-flex e-con e-child\" data-id=\"4da4f51\" data-element_type=\"container\" data-settings=\"{&quot;content_width&quot;:&quot;full&quot;}\">\n\t\t\t\t<div class=\"elementor-element elementor-element-19596bf elementor-widget elementor-widget-text-editor\" data-id=\"19596bf\" data-element_type=\"widget\" data-widget_type=\"text-editor.default\">\n\t\t\t\t<div class=\"elementor-widget-container\">\n\t\t\t\t\t\t\t<p><strong>Exploitation de drones en cat\u00e9gorie sp\u00e9cifique :<\/strong><\/p><p>Guide sur la <a href=\"https:\/\/www.ecologie.gouv.fr\/sites\/default\/files\/Guide_categorie_Specifique_0.pdf\">cat\u00e9gorie sp\u00e9cifique<\/a><\/p>\t\t\t\t\t\t<\/div>\n\t\t\t\t<\/div>\n\t\t\t\t<\/div>\n\t\t<div class=\"elementor-element elementor-element-70dfe1e e-con-full e-flex e-con e-child\" data-id=\"70dfe1e\" data-element_type=\"container\" data-settings=\"{&quot;content_width&quot;:&quot;full&quot;}\">\n\t\t\t\t<div class=\"elementor-element elementor-element-397e3e5 elementor-widget elementor-widget-text-editor\" data-id=\"397e3e5\" data-element_type=\"widget\" data-widget_type=\"text-editor.default\">\n\t\t\t\t<div class=\"elementor-widget-container\">\n\t\t\t\t\t\t\t<p><strong>Exploitation de drones en cat\u00e9gorie ouverte :<\/strong><\/p><p>Guide sur la <a href=\"https:\/\/www.ecologie.gouv.fr\/sites\/default\/files\/Guide_categorie_Ouverte.pdf\">cat\u00e9gorie ouverte<\/a><\/p>\t\t\t\t\t\t<\/div>\n\t\t\t\t<\/div>\n\t\t\t\t<\/div>\n\t\t<div class=\"elementor-element elementor-element-abb7e87 e-con-full e-flex e-con e-child\" data-id=\"abb7e87\" data-element_type=\"container\" data-settings=\"{&quot;content_width&quot;:&quot;full&quot;}\">\n\t\t\t\t<div class=\"elementor-element elementor-element-cf19269 elementor-widget elementor-widget-text-editor\" data-id=\"cf19269\" data-element_type=\"widget\" data-widget_type=\"text-editor.default\">\n\t\t\t\t<div class=\"elementor-widget-container\">\n\t\t\t\t\t\t\t<p>Pr\u00e9sentation des<a href=\"https:\/\/www.ecologie.gouv.fr\/sites\/default\/files\/2023-10_sts_europeens_entree_application_transition.pdf\"> sc\u00e9narios standard europ\u00e9ens STS<\/a> et la transition r\u00e8glementaire fran\u00e7aise accompagnant leur entr\u00e9e en application.<\/p>\t\t\t\t\t\t<\/div>\n\t\t\t\t<\/div>\n\t\t\t\t<\/div>\n\t\t\t\t\t<\/div>\n\t\t\t\t<\/div>\n\t\t\t\t<\/div>\n\t\t","protected":false},"excerpt":{"rendered":"<p>La r\u00e9glementation Trois organismes collaborent pour assurer la s\u00e9curit\u00e9 et la r\u00e9gulation efficace de l&rsquo;aviation civile \u00e0 diff\u00e9rents niveaux g\u00e9ographiques : L&rsquo;OACI \u00e9tablit des normes internationales L&rsquo;EASA harmonise les r\u00e8gles au niveau europ\u00e9en La DGAC est responsable de l&rsquo;application de ces r\u00e8gles en France Les drones (UAS) : Introduction (site du minist\u00e8re de la transition [&hellip;]<\/p>\n","protected":false},"author":1,"featured_media":0,"parent":0,"menu_order":11,"comment_status":"closed","ping_status":"closed","template":"","meta":{"inline_featured_image":false,"footnotes":""},"class_list":["post-29","page","type-page","status-publish","hentry","entry"],"yoast_head":"<!-- This site is optimized with the Yoast SEO plugin v22.2 - https:\/\/yoast.com\/wordpress\/plugins\/seo\/ -->\n<title>La r\u00e9glementation - Drone-FGEM<\/title>\n<meta name=\"robots\" content=\"index, follow, max-snippet:-1, max-image-preview:large, max-video-preview:-1\" \/>\n<link rel=\"canonical\" href=\"https:\/\/drone-fgem.fr\/index.php\/la-reglementation\/\" \/>\n<meta property=\"og:locale\" content=\"fr_FR\" \/>\n<meta property=\"og:type\" content=\"article\" \/>\n<meta property=\"og:title\" content=\"La r\u00e9glementation - Drone-FGEM\" \/>\n<meta property=\"og:description\" content=\"La r\u00e9glementation Trois organismes collaborent pour assurer la s\u00e9curit\u00e9 et la r\u00e9gulation efficace de l&rsquo;aviation civile \u00e0 diff\u00e9rents niveaux g\u00e9ographiques : L&rsquo;OACI \u00e9tablit des normes internationales L&rsquo;EASA harmonise les r\u00e8gles au niveau europ\u00e9en La DGAC est responsable de l&rsquo;application de ces r\u00e8gles en France Les drones (UAS) : Introduction (site du minist\u00e8re de la transition [&hellip;]\" \/>\n<meta property=\"og:url\" content=\"https:\/\/drone-fgem.fr\/index.php\/la-reglementation\/\" \/>\n<meta property=\"og:site_name\" content=\"Drone-FGEM\" \/>\n<meta property=\"article:modified_time\" content=\"2024-03-01T00:03:28+00:00\" \/>\n<meta name=\"twitter:card\" content=\"summary_large_image\" \/>\n<meta name=\"twitter:label1\" content=\"Dur\u00e9e de lecture estim\u00e9e\" \/>\n\t<meta name=\"twitter:data1\" content=\"1 minute\" \/>\n<script type=\"application\/ld+json\" class=\"yoast-schema-graph\">{\"@context\":\"https:\/\/schema.org\",\"@graph\":[{\"@type\":\"WebPage\",\"@id\":\"https:\/\/drone-fgem.fr\/index.php\/la-reglementation\/\",\"url\":\"https:\/\/drone-fgem.fr\/index.php\/la-reglementation\/\",\"name\":\"La r\u00e9glementation - Drone-FGEM\",\"isPartOf\":{\"@id\":\"https:\/\/drone-fgem.fr\/#website\"},\"datePublished\":\"2024-01-16T15:28:09+00:00\",\"dateModified\":\"2024-03-01T00:03:28+00:00\",\"breadcrumb\":{\"@id\":\"https:\/\/drone-fgem.fr\/index.php\/la-reglementation\/#breadcrumb\"},\"inLanguage\":\"fr-FR\",\"potentialAction\":[{\"@type\":\"ReadAction\",\"target\":[\"https:\/\/drone-fgem.fr\/index.php\/la-reglementation\/\"]}]},{\"@type\":\"BreadcrumbList\",\"@id\":\"https:\/\/drone-fgem.fr\/index.php\/la-reglementation\/#breadcrumb\",\"itemListElement\":[{\"@type\":\"ListItem\",\"position\":1,\"name\":\"Accueil\",\"item\":\"https:\/\/drone-fgem.fr\/\"},{\"@type\":\"ListItem\",\"position\":2,\"name\":\"La r\u00e9glementation\"}]},{\"@type\":\"WebSite\",\"@id\":\"https:\/\/drone-fgem.fr\/#website\",\"url\":\"https:\/\/drone-fgem.fr\/\",\"name\":\"Drone-FGEM\",\"description\":\"La thermographie et l&#039;inspection par drone\",\"publisher\":{\"@id\":\"https:\/\/drone-fgem.fr\/#organization\"},\"potentialAction\":[{\"@type\":\"SearchAction\",\"target\":{\"@type\":\"EntryPoint\",\"urlTemplate\":\"https:\/\/drone-fgem.fr\/?s={search_term_string}\"},\"query-input\":\"required name=search_term_string\"}],\"inLanguage\":\"fr-FR\"},{\"@type\":\"Organization\",\"@id\":\"https:\/\/drone-fgem.fr\/#organization\",\"name\":\"Drone-FGEM\",\"url\":\"https:\/\/drone-fgem.fr\/\",\"logo\":{\"@type\":\"ImageObject\",\"inLanguage\":\"fr-FR\",\"@id\":\"https:\/\/drone-fgem.fr\/#\/schema\/logo\/image\/\",\"url\":\"https:\/\/drone-fgem.fr\/wp-content\/uploads\/2024\/02\/2.png\",\"contentUrl\":\"https:\/\/drone-fgem.fr\/wp-content\/uploads\/2024\/02\/2.png\",\"width\":1500,\"height\":1500,\"caption\":\"Drone-FGEM\"},\"image\":{\"@id\":\"https:\/\/drone-fgem.fr\/#\/schema\/logo\/image\/\"}}]}<\/script>\n<!-- \/ Yoast SEO plugin. -->","yoast_head_json":{"title":"La r\u00e9glementation - Drone-FGEM","robots":{"index":"index","follow":"follow","max-snippet":"max-snippet:-1","max-image-preview":"max-image-preview:large","max-video-preview":"max-video-preview:-1"},"canonical":"https:\/\/drone-fgem.fr\/index.php\/la-reglementation\/","og_locale":"fr_FR","og_type":"article","og_title":"La r\u00e9glementation - Drone-FGEM","og_description":"La r\u00e9glementation Trois organismes collaborent pour assurer la s\u00e9curit\u00e9 et la r\u00e9gulation efficace de l&rsquo;aviation civile \u00e0 diff\u00e9rents niveaux g\u00e9ographiques : L&rsquo;OACI \u00e9tablit des normes internationales L&rsquo;EASA harmonise les r\u00e8gles au niveau europ\u00e9en La DGAC est responsable de l&rsquo;application de ces r\u00e8gles en France Les drones (UAS) : Introduction (site du minist\u00e8re de la transition [&hellip;]","og_url":"https:\/\/drone-fgem.fr\/index.php\/la-reglementation\/","og_site_name":"Drone-FGEM","article_modified_time":"2024-03-01T00:03:28+00:00","twitter_card":"summary_large_image","twitter_misc":{"Dur\u00e9e de lecture estim\u00e9e":"1 minute"},"schema":{"@context":"https:\/\/schema.org","@graph":[{"@type":"WebPage","@id":"https:\/\/drone-fgem.fr\/index.php\/la-reglementation\/","url":"https:\/\/drone-fgem.fr\/index.php\/la-reglementation\/","name":"La r\u00e9glementation - Drone-FGEM","isPartOf":{"@id":"https:\/\/drone-fgem.fr\/#website"},"datePublished":"2024-01-16T15:28:09+00:00","dateModified":"2024-03-01T00:03:28+00:00","breadcrumb":{"@id":"https:\/\/drone-fgem.fr\/index.php\/la-reglementation\/#breadcrumb"},"inLanguage":"fr-FR","potentialAction":[{"@type":"ReadAction","target":["https:\/\/drone-fgem.fr\/index.php\/la-reglementation\/"]}]},{"@type":"BreadcrumbList","@id":"https:\/\/drone-fgem.fr\/index.php\/la-reglementation\/#breadcrumb","itemListElement":[{"@type":"ListItem","position":1,"name":"Accueil","item":"https:\/\/drone-fgem.fr\/"},{"@type":"ListItem","position":2,"name":"La r\u00e9glementation"}]},{"@type":"WebSite","@id":"https:\/\/drone-fgem.fr\/#website","url":"https:\/\/drone-fgem.fr\/","name":"Drone-FGEM","description":"La thermographie et l&#039;inspection par drone","publisher":{"@id":"https:\/\/drone-fgem.fr\/#organization"},"potentialAction":[{"@type":"SearchAction","target":{"@type":"EntryPoint","urlTemplate":"https:\/\/drone-fgem.fr\/?s={search_term_string}"},"query-input":"required name=search_term_string"}],"inLanguage":"fr-FR"},{"@type":"Organization","@id":"https:\/\/drone-fgem.fr\/#organization","name":"Drone-FGEM","url":"https:\/\/drone-fgem.fr\/","logo":{"@type":"ImageObject","inLanguage":"fr-FR","@id":"https:\/\/drone-fgem.fr\/#\/schema\/logo\/image\/","url":"https:\/\/drone-fgem.fr\/wp-content\/uploads\/2024\/02\/2.png","contentUrl":"https:\/\/drone-fgem.fr\/wp-content\/uploads\/2024\/02\/2.png","width":1500,"height":1500,"caption":"Drone-FGEM"},"image":{"@id":"https:\/\/drone-fgem.fr\/#\/schema\/logo\/image\/"}}]}},"_links":{"self":[{"href":"https:\/\/drone-fgem.fr\/index.php\/wp-json\/wp\/v2\/pages\/29","targetHints":{"allow":["GET"]}}],"collection":[{"href":"https:\/\/drone-fgem.fr\/index.php\/wp-json\/wp\/v2\/pages"}],"about":[{"href":"https:\/\/drone-fgem.fr\/index.php\/wp-json\/wp\/v2\/types\/page"}],"author":[{"embeddable":true,"href":"https:\/\/drone-fgem.fr\/index.php\/wp-json\/wp\/v2\/users\/1"}],"replies":[{"embeddable":true,"href":"https:\/\/drone-fgem.fr\/index.php\/wp-json\/wp\/v2\/comments?post=29"}],"version-history":[{"count":53,"href":"https:\/\/drone-fgem.fr\/index.php\/wp-json\/wp\/v2\/pages\/29\/revisions"}],"predecessor-version":[{"id":1623,"href":"https:\/\/drone-fgem.fr\/index.php\/wp-json\/wp\/v2\/pages\/29\/revisions\/1623"}],"wp:attachment":[{"href":"https:\/\/drone-fgem.fr\/index.php\/wp-json\/wp\/v2\/media?parent=29"}],"curies":[{"name":"wp","href":"https:\/\/api.w.org\/{rel}","templated":true}]}}